{"id":821,"date":"2020-04-18T17:57:44","date_gmt":"2020-04-18T15:57:44","guid":{"rendered":"http:\/\/christmasbasket.be\/?page_id=821"},"modified":"2020-05-14T14:12:55","modified_gmt":"2020-05-14T12:12:55","slug":"presse","status":"publish","type":"page","link":"https:\/\/christmasbasket.be\/index.php\/presse\/","title":{"rendered":"Presse"},"content":{"rendered":"<div class=\"fusion-fullwidth fullwidth-box fusion-builder-row-1 nonhundred-percent-fullwidth non-hundred-percent-height-scrolling\" style=\"background-color: rgba(255,255,255,0);background-position: center center;background-repeat: no-repeat;padding-top:0px;padding-right:0px;padding-bottom:0px;padding-left:0px;margin-bottom: 0px;margin-top: 0px;border-width: 0px 0px 0px 0px;border-color:#eae9e9;border-style:solid;\" ><div class=\"fusion-builder-row fusion-row\"><div class=\"fusion-layout-column fusion_builder_column fusion-builder-column-0 fusion_builder_column_1_1 1_1 fusion-one-full fusion-column-first fusion-column-last\" style=\"margin-top:0px;margin-bottom:20px;\"><div class=\"fusion-column-wrapper fusion-flex-column-wrapper-legacy\" style=\"background-position:left top;background-repeat:no-repeat;-webkit-background-size:cover;-moz-background-size:cover;-o-background-size:cover;background-size:cover;padding: 0px 0px 0px 0px;\"><div class=\"fusion-blog-shortcode fusion-blog-shortcode-1 fusion-blog-archive fusion-blog-layout-medium fusion-blog-pagination\"><div class=\"fusion-posts-container fusion-posts-container-pagination fusion-blog-rollover\" data-pages=\"1\"><article id=\"blog-1-post-1023\" class=\"fusion-post-medium post-1023 post type-post status-publish format-standard has-post-thumbnail hentry category-non-classe\">\n\t<style type=\"text\/css\">\n\t\t\n\t\t\n\t\t\n\t\t\n\t\t\t<\/style>\n\n\n\t\t\t<div class=\"fusion-flexslider flexslider fusion-flexslider-loading fusion-post-slideshow\" style=\"\">\n\t\t<ul class=\"slides\">\n\t\t\t\n\t\t\t\t\t\t\t\t\t\t\t\t\t\t<li><div  class=\"fusion-image-wrapper fusion-image-size-fixed\" aria-haspopup=\"true\">\n\t\t\t\t  <img width=\"320\" height=\"202\" src=\"https:\/\/christmasbasket.be\/wp-content\/uploads\/2020\/05\/article3-big-320x202.jpg\" class=\"attachment-blog-medium size-blog-medium wp-post-image\" alt=\"article3-big\" \/><div class=\"fusion-rollover\">\n\t<div class=\"fusion-rollover-content\">\n\n\t\t\t\t\t\t\t\t\t\t\t\t\t\t<a class=\"fusion-rollover-link\" href=\"https:\/\/christmasbasket.be\/index.php\/2020\/05\/27\/clap-vingtieme-pour-le-christmas-basket\/\">Clap vingti\u00e8me pour le Christmas Basket<\/a>\n\t\t\t\n\t\t\t\t\t\t\t\t\t\t\t\t\t\t\n\t\t\t\t\t\t\t\t\n\t\t\t\t\t\t\t\t\t\t\t\t\t<div class=\"fusion-rollover-sep\"><\/div>\n\t\t\t\t\n\t\t\t\t\t\t\t\t\t\t\t\t\t\t\t\t\t\t<a class=\"fusion-rollover-gallery\" href=\"https:\/\/christmasbasket.be\/wp-content\/uploads\/2020\/05\/article3-big.jpg\" data-id=\"1023\" data-rel=\"iLightbox[gallery]\" data-title=\"article3-big\" data-caption=\"\">\n\t\t\t\t\t\tGalerie\t\t\t\t\t<\/a>\n\t\t\t\t\t\t\t\t\t\t\t\t\t\t\n\t\t\n\t\t\t\t\t\t\t\t\t\t\t\t<h4 class=\"fusion-rollover-title\">\n\t\t\t\t\t<a class=\"fusion-rollover-title-link\" href=\"https:\/\/christmasbasket.be\/index.php\/2020\/05\/27\/clap-vingtieme-pour-le-christmas-basket\/\">\n\t\t\t\t\t\tClap vingti\u00e8me pour le Christmas Basket\t\t\t\t\t<\/a>\n\t\t\t\t<\/h4>\n\t\t\t\n\t\t\t\t\t\t\t\t\n\t\t\n\t\t\t\t\t\t<a class=\"fusion-link-wrapper\" href=\"https:\/\/christmasbasket.be\/index.php\/2020\/05\/27\/clap-vingtieme-pour-le-christmas-basket\/\" aria-label=\"Clap vingti\u00e8me pour le Christmas Basket\"><\/a>\n\t<\/div>\n<\/div>\n<\/div>\n<\/li>\n\t\t\t\n\t\t\t\n\t\t\t\t\t\t\t\t\t\t\t\t\t\t\t\t\t\t\t\t\t\t\t\t\t\t\t\t\t\t\t\t\t\t\t\t\t\t\t\t\t\t\t\t\t\t\t\t\t\t\t\t\t\t\t\t\t\t\t\t\t\t\t\t\t\t\t\t<\/ul>\n\t<\/div>\n\t<div class=\"fusion-post-content post-content\"><h2 class=\"blog-shortcode-post-title entry-title\"><a href=\"https:\/\/christmasbasket.be\/index.php\/2020\/05\/27\/clap-vingtieme-pour-le-christmas-basket\/\">Clap vingti\u00e8me pour le Christmas Basket<\/a><\/h2><div class=\"fusion-post-content-container\"><p> Vendredi soir, le d\u00f4me de Charleroi a accueilli les stagiaires qui ont particip\u00e9 \u00e0 la vingti\u00e8me \u00e9dition du Christmas Basket. \u25cf Fr\u00e9d\u00e9ric DE LAMINNE Une fois install\u00e9s dans les belles installations du D\u00f4me, les [...]<\/p><\/div><\/div><div class=\"fusion-clearfix\"><\/div><div class=\"fusion-meta-info\"><div class=\"fusion-alignleft\">Par <span class=\"vcard\"><span class=\"fn\"><a href=\"https:\/\/christmasbasket.be\/index.php\/author\/admin6218\/\" title=\"Articles par admin6218\" rel=\"author\">admin6218<\/a><\/span><\/span><span class=\"fusion-inline-sep\">|<\/span><span class=\"updated\" style=\"display:none;\">2020-05-27T17:21:45+02:00<\/span><span>mai 27th, 2020<\/span><span class=\"fusion-inline-sep\">|<\/span>Cat\u00e9gories : <a href=\"https:\/\/christmasbasket.be\/index.php\/category\/non-classe\/\" rel=\"category tag\">Non class\u00e9<\/a><span class=\"fusion-inline-sep\">|<\/span><\/div><div class=\"fusion-alignright\"><a class=\"fusion-read-more\" href=\"https:\/\/christmasbasket.be\/index.php\/2020\/05\/27\/clap-vingtieme-pour-le-christmas-basket\/\" aria-label=\"More on Clap vingti\u00e8me pour le Christmas Basket\">Lire Plus<\/a><\/div><\/div><\/article>\n<article id=\"blog-1-post-1019\" class=\"fusion-post-medium post-1019 post type-post status-publish format-standard has-post-thumbnail hentry category-non-classe\">\n\t<style type=\"text\/css\">\n\t\t\n\t\t\n\t\t\n\t\t\n\t\t\t<\/style>\n\n\n\t\t\t<div class=\"fusion-flexslider flexslider fusion-flexslider-loading fusion-post-slideshow\" style=\"\">\n\t\t<ul class=\"slides\">\n\t\t\t\n\t\t\t\t\t\t\t\t\t\t\t\t\t\t<li><div  class=\"fusion-image-wrapper fusion-image-size-fixed\" aria-haspopup=\"true\">\n\t\t\t\t  <img width=\"320\" height=\"202\" src=\"https:\/\/christmasbasket.be\/wp-content\/uploads\/2020\/05\/article2-big-320x202.jpg\" class=\"attachment-blog-medium size-blog-medium wp-post-image\" alt=\"article2-big\" \/><div class=\"fusion-rollover\">\n\t<div class=\"fusion-rollover-content\">\n\n\t\t\t\t\t\t\t\t\t\t\t\t\t\t<a class=\"fusion-rollover-link\" href=\"https:\/\/christmasbasket.be\/index.php\/2020\/05\/27\/un-nombre-record-dinscriptions-a-maillen\/\">Un nombre record d\u2019inscriptions \u00e0 Maillen<\/a>\n\t\t\t\n\t\t\t\t\t\t\t\t\t\t\t\t\t\t\n\t\t\t\t\t\t\t\t\n\t\t\t\t\t\t\t\t\t\t\t\t\t<div class=\"fusion-rollover-sep\"><\/div>\n\t\t\t\t\n\t\t\t\t\t\t\t\t\t\t\t\t\t\t\t\t\t\t<a class=\"fusion-rollover-gallery\" href=\"https:\/\/christmasbasket.be\/wp-content\/uploads\/2020\/05\/article2-big.jpg\" data-id=\"1019\" data-rel=\"iLightbox[gallery]\" data-title=\"article2-big\" data-caption=\"\">\n\t\t\t\t\t\tGalerie\t\t\t\t\t<\/a>\n\t\t\t\t\t\t\t\t\t\t\t\t\t\t\n\t\t\n\t\t\t\t\t\t\t\t\t\t\t\t<h4 class=\"fusion-rollover-title\">\n\t\t\t\t\t<a class=\"fusion-rollover-title-link\" href=\"https:\/\/christmasbasket.be\/index.php\/2020\/05\/27\/un-nombre-record-dinscriptions-a-maillen\/\">\n\t\t\t\t\t\tUn nombre record d\u2019inscriptions \u00e0 Maillen\t\t\t\t\t<\/a>\n\t\t\t\t<\/h4>\n\t\t\t\n\t\t\t\t\t\t\t\t\n\t\t\n\t\t\t\t\t\t<a class=\"fusion-link-wrapper\" href=\"https:\/\/christmasbasket.be\/index.php\/2020\/05\/27\/un-nombre-record-dinscriptions-a-maillen\/\" aria-label=\"Un nombre record d\u2019inscriptions \u00e0 Maillen\"><\/a>\n\t<\/div>\n<\/div>\n<\/div>\n<\/li>\n\t\t\t\n\t\t\t\n\t\t\t\t\t\t\t\t\t\t\t\t\t\t\t\t\t\t\t\t\t\t\t\t\t\t\t\t\t\t\t\t\t\t\t\t\t\t\t\t\t\t\t\t\t\t\t\t\t\t\t\t\t\t\t\t\t\t\t\t\t\t\t\t\t\t\t\t<\/ul>\n\t<\/div>\n\t<div class=\"fusion-post-content post-content\"><h2 class=\"blog-shortcode-post-title entry-title\"><a href=\"https:\/\/christmasbasket.be\/index.php\/2020\/05\/27\/un-nombre-record-dinscriptions-a-maillen\/\">Un nombre record d\u2019inscriptions \u00e0 Maillen<\/a><\/h2><div class=\"fusion-post-content-container\"><p> Si certains sites font le plein, \u00e0 Maillen aussi le stage Christmas Basket suscite l\u2019engouement. \u25cf J. W. \u00c0 c\u00f4t\u00e9 des grosses machines de Beez, Ciney ou Belgrade, le club de Maillen compte un [...]<\/p><\/div><\/div><div class=\"fusion-clearfix\"><\/div><div class=\"fusion-meta-info\"><div class=\"fusion-alignleft\">Par <span class=\"vcard\"><span class=\"fn\"><a href=\"https:\/\/christmasbasket.be\/index.php\/author\/admin6218\/\" title=\"Articles par admin6218\" rel=\"author\">admin6218<\/a><\/span><\/span><span class=\"fusion-inline-sep\">|<\/span><span class=\"updated\" style=\"display:none;\">2020-05-27T17:22:41+02:00<\/span><span>mai 27th, 2020<\/span><span class=\"fusion-inline-sep\">|<\/span>Cat\u00e9gories : <a href=\"https:\/\/christmasbasket.be\/index.php\/category\/non-classe\/\" rel=\"category tag\">Non class\u00e9<\/a><span class=\"fusion-inline-sep\">|<\/span><\/div><div class=\"fusion-alignright\"><a class=\"fusion-read-more\" href=\"https:\/\/christmasbasket.be\/index.php\/2020\/05\/27\/un-nombre-record-dinscriptions-a-maillen\/\" aria-label=\"More on Un nombre record d\u2019inscriptions \u00e0 Maillen\">Lire Plus<\/a><\/div><\/div><\/article>\n<article id=\"blog-1-post-489\" class=\"fusion-post-medium post-489 post type-post status-publish format-standard has-post-thumbnail hentry category-non-classe\">\n\t<style type=\"text\/css\">\n\t\t\n\t\t\n\t\t\n\t\t\n\t\t\t<\/style>\n\n\n\t\t\t<div class=\"fusion-flexslider flexslider fusion-flexslider-loading fusion-post-slideshow\" style=\"\">\n\t\t<ul class=\"slides\">\n\t\t\t\n\t\t\t\t\t\t\t\t\t\t\t\t\t\t<li><div  class=\"fusion-image-wrapper fusion-image-size-fixed\" aria-haspopup=\"true\">\n\t\t\t\t  <img width=\"320\" height=\"202\" src=\"https:\/\/christmasbasket.be\/wp-content\/uploads\/2015\/06\/arricle1-big-320x202.jpg\" class=\"attachment-blog-medium size-blog-medium wp-post-image\" alt=\"arricle1-big\" \/><div class=\"fusion-rollover\">\n\t<div class=\"fusion-rollover-content\">\n\n\t\t\t\t\t\t\t\t\t\t\n\t\t\t\t\t\t\t\t\t\t\t\t\t\t\n\t\t\t\t\t\t\t\t\n\t\t\t\t\t\t\t\t\n\t\t\t\t\t\t\t\t\t\t\t\t\t\t\t\t\t\t<a class=\"fusion-rollover-gallery\" href=\"https:\/\/christmasbasket.be\/wp-content\/uploads\/2015\/06\/arricle1-big.jpg\" data-id=\"489\" data-rel=\"iLightbox[gallery]\" data-title=\"arricle1-big\" data-caption=\"\">\n\t\t\t\t\t\tGalerie\t\t\t\t\t<\/a>\n\t\t\t\t\t\t\t\t\t\t\t\t\t\t\n\t\t\n\t\t\t\t\t\t\t\t\t\t\t\t<h4 class=\"fusion-rollover-title\">\n\t\t\t\t\t<a class=\"fusion-rollover-title-link\" href=\"https:\/\/christmasbasket.be\/index.php\/2015\/06\/30\/20-edition-christmas-basket\/\">\n\t\t\t\t\t\tPour sa 20e \u00e9dition, le stage Christmas Basket invite 20 clubs \u00e0 collaborer et r\u00e9ussit \u00e0 battre le record de participation.\t\t\t\t\t<\/a>\n\t\t\t\t<\/h4>\n\t\t\t\n\t\t\t\t\t\t\t\t\n\t\t\n\t\t\t\t\t\t<a class=\"fusion-link-wrapper\" href=\"https:\/\/christmasbasket.be\/index.php\/2015\/06\/30\/20-edition-christmas-basket\/\" aria-label=\"Pour sa 20e \u00e9dition, le stage Christmas Basket invite 20 clubs \u00e0 collaborer et r\u00e9ussit \u00e0 battre le record de participation.\"><\/a>\n\t<\/div>\n<\/div>\n<\/div>\n<\/li>\n\t\t\t\n\t\t\t\n\t\t\t\t\t\t\t\t\t\t\t\t\t\t\t\t\t\t\t\t\t\t\t\t\t\t\t\t\t\t\t\t\t\t\t\t\t\t\t\t\t\t\t\t\t\t\t\t\t\t\t\t\t\t\t\t\t\t\t\t\t\t\t\t\t\t\t\t<\/ul>\n\t<\/div>\n\t<div class=\"fusion-post-content post-content\"><h2 class=\"blog-shortcode-post-title entry-title\"><a href=\"https:\/\/christmasbasket.be\/index.php\/2015\/06\/30\/20-edition-christmas-basket\/\">Pour sa 20e \u00e9dition, le stage Christmas Basket invite 20 clubs \u00e0 collaborer et r\u00e9ussit \u00e0 battre le record de participation.<\/a><\/h2><div class=\"fusion-post-content-container\"><p> \u25cf Jo MEUNIER Rassembler les forces vives, telle \u00e9tait l\u2019intention de G\u00e9rard Legrand lorsqu\u2019il prit l\u2019initiative de cr\u00e9er le Christmas Basket. \u00ab En 2000, nous avons lanc\u00e9 l\u2019id\u00e9e de cr\u00e9er un stage de formation [...]<\/p><\/div><\/div><div class=\"fusion-clearfix\"><\/div><div class=\"fusion-meta-info\"><div class=\"fusion-alignleft\">Par <span class=\"vcard\"><span class=\"fn\"><a href=\"https:\/\/christmasbasket.be\/index.php\/author\/admin6218\/\" title=\"Articles par admin6218\" rel=\"author\">admin6218<\/a><\/span><\/span><span class=\"fusion-inline-sep\">|<\/span><span class=\"updated\" style=\"display:none;\">2020-05-27T17:18:35+02:00<\/span><span>juin 30th, 2015<\/span><span class=\"fusion-inline-sep\">|<\/span>Cat\u00e9gories : <a href=\"https:\/\/christmasbasket.be\/index.php\/category\/non-classe\/\" rel=\"category tag\">Non class\u00e9<\/a><span class=\"fusion-inline-sep\">|<\/span><\/div><div class=\"fusion-alignright\"><a class=\"fusion-read-more\" href=\"https:\/\/christmasbasket.be\/index.php\/2015\/06\/30\/20-edition-christmas-basket\/\" aria-label=\"More on Pour sa 20e \u00e9dition, le stage Christmas Basket invite 20 clubs \u00e0 collaborer et r\u00e9ussit \u00e0 battre le record de participation.\">Lire Plus<\/a><\/div><\/div><\/article>\n<\/div><\/div><div class=\"fusion-clearfix\"><\/div><\/div><\/div><\/div><\/div>\n","protected":false},"excerpt":{"rendered":"","protected":false},"author":1,"featured_media":0,"parent":0,"menu_order":0,"comment_status":"closed","ping_status":"closed","template":"100-width.php","meta":[],"_links":{"self":[{"href":"https:\/\/christmasbasket.be\/index.php\/wp-json\/wp\/v2\/pages\/821"}],"collection":[{"href":"https:\/\/christmasbasket.be\/index.php\/wp-json\/wp\/v2\/pages"}],"about":[{"href":"https:\/\/christmasbasket.be\/index.php\/wp-json\/wp\/v2\/types\/page"}],"author":[{"embeddable":true,"href":"https:\/\/christmasbasket.be\/index.php\/wp-json\/wp\/v2\/users\/1"}],"replies":[{"embeddable":true,"href":"https:\/\/christmasbasket.be\/index.php\/wp-json\/wp\/v2\/comments?post=821"}],"version-history":[{"count":4,"href":"https:\/\/christmasbasket.be\/index.php\/wp-json\/wp\/v2\/pages\/821\/revisions"}],"predecessor-version":[{"id":914,"href":"https:\/\/christmasbasket.be\/index.php\/wp-json\/wp\/v2\/pages\/821\/revisions\/914"}],"wp:attachment":[{"href":"https:\/\/christmasbasket.be\/index.php\/wp-json\/wp\/v2\/media?parent=821"}],"curies":[{"name":"wp","href":"https:\/\/api.w.org\/{rel}","templated":true}]}}