{"id":786,"date":"2020-04-18T17:06:19","date_gmt":"2020-04-18T15:06:19","guid":{"rendered":"http:\/\/christmasbasket.be\/?page_id=786"},"modified":"2024-10-05T14:06:57","modified_gmt":"2024-10-05T12:06:57","slug":"evenements","status":"publish","type":"page","link":"https:\/\/christmasbasket.be\/index.php\/evenements\/","title":{"rendered":"EVENEMENTS"},"content":{"rendered":"<div class=\"fusion-fullwidth fullwidth-box fusion-builder-row-1 nonhundred-percent-fullwidth non-hundred-percent-height-scrolling\" style=\"background-color: rgba(255,255,255,0);background-position: left top;background-repeat: no-repeat;padding-top:150px;padding-right:0px;padding-bottom:105px;padding-left:0px;margin-bottom: 0px;margin-top: 0px;border-width: 0px 0px 0px 0px;border-color:#eae9e9;border-style:solid;\" ><div class=\"fusion-builder-row fusion-row\"><div class=\"fusion-layout-column fusion_builder_column fusion-builder-column-0 fusion_builder_column_1_3 1_3 fusion-one-third fusion-column-first\" style=\"width:30.6666%; margin-right: 4%;margin-top:0px;margin-bottom:40px;\"><div class=\"fusion-column-wrapper fusion-flex-column-wrapper-legacy\" style=\"background-position:left top;background-repeat:no-repeat;-webkit-background-size:cover;-moz-background-size:cover;-o-background-size:cover;background-size:cover;padding: 0px 0px 0px 0px;\"><div class=\"fusion-text fusion-text-1\"><h2><strong>LES \u00c9V\u00c9NEMENTS<\/strong><\/h2>\n<\/div><div class=\"fusion-sep-clear\"><\/div><div class=\"fusion-separator fusion-clearfix\" style=\"float:left;margin-top:0px;margin-bottom:35px;width:100%;max-width:170px;\"><div class=\"fusion-separator-border sep-single sep-solid\" style=\"border-color:#e2e3e8;border-top-width:3px;\"><\/div><\/div><div class=\"fusion-sep-clear\"><\/div><div class=\"fusion-text fusion-text-2\"><h3>La soci\u00e9t\u00e9 \u00ab Christmas Basket \u00bb est \u00e9galement sp\u00e9cialis\u00e9e dans l\u2019organisation d\u2019\u00e9v\u00e9nements.<\/h3>\n<\/div><div class=\"fusion-clearfix\"><\/div><\/div><\/div><div class=\"fusion-layout-column fusion_builder_column fusion-builder-column-1 fusion_builder_column_1_3 1_3 fusion-one-third\" style=\"width:30.6666%; margin-right: 4%;margin-top:0px;margin-bottom:0px;\"><div class=\"fusion-column-wrapper fusion-flex-column-wrapper-legacy\" style=\"background-position:left top;background-repeat:no-repeat;-webkit-background-size:cover;-moz-background-size:cover;-o-background-size:cover;background-size:cover;padding: 0px 0px 0px 0px;\"><span class=\" fusion-imageframe imageframe-none imageframe-1 hover-type-zoomin\"><a href=\"http:\/\/christmasbasket.be\/wp-content\/uploads\/2020\/05\/christamas-basket-events.jpg\" class=\"fusion-lightbox\" data-rel=\"iLightbox[e9abb2e579d13053f2f]\" data-title=\"christamas-basket-events\" title=\"christamas-basket-events\"><img width=\"580\" height=\"580\" alt=\"christamas-basket-events\" src=\"http:\/\/christmasbasket.be\/wp-content\/uploads\/2020\/05\/christamas-basket-events.jpg\" class=\"img-responsive wp-image-988\" srcset=\"https:\/\/christmasbasket.be\/wp-content\/uploads\/2020\/05\/christamas-basket-events-200x200.jpg 200w, https:\/\/christmasbasket.be\/wp-content\/uploads\/2020\/05\/christamas-basket-events-400x400.jpg 400w, https:\/\/christmasbasket.be\/wp-content\/uploads\/2020\/05\/christamas-basket-events.jpg 580w\" sizes=\"(max-width: 800px) 100vw, 400px\" \/><\/a><\/span><div class=\"fusion-sep-clear\"><\/div><div class=\"fusion-separator fusion-full-width-sep fusion-clearfix\" style=\"float:left;margin-top:10px;margin-bottom:10px;width:100%;\"><\/div><div class=\"fusion-sep-clear\"><\/div><div class=\"fusion-text fusion-text-3\"><p>Ind\u00e9pendamment des stages qu\u2019elle organise depuis plus de 20 ans, la soci\u00e9t\u00e9<strong> \u00ab\u00a0Christmas Basket\u00a0\u00bb<\/strong> est \u00e9galement sp\u00e9cialis\u00e9e dans<strong> l\u2019organisation d\u2019\u00e9v\u00e9nements.<\/strong><\/p>\n<\/div><div class=\"fusion-clearfix\"><\/div><\/div><\/div><div class=\"fusion-layout-column fusion_builder_column fusion-builder-column-2 fusion_builder_column_1_3 1_3 fusion-one-third fusion-column-last\" style=\"width:30.6666%;margin-top:0px;margin-bottom:20px;\"><div class=\"fusion-column-wrapper fusion-flex-column-wrapper-legacy\" style=\"background-position:left top;background-repeat:no-repeat;-webkit-background-size:cover;-moz-background-size:cover;-o-background-size:cover;background-size:cover;padding: 0px 0px 0px 0px;\"><div class=\"fusion-text fusion-text-4\"><p>En collaboration avec <a href=\"https:\/\/www.lavenir.net\/\">le journal \u00ab\u00a0L\u2019Avenir\u00a0\u00bb<\/a> le comit\u00e9 provincial namurois ainsi qu\u2019un club de basket namurois, elle organise les <strong>super-coupes provinciales, <\/strong>une journ\u00e9e de rencontres entre les champions provinciaux et les vainqueurs des coupes.<\/p>\n<\/div><div class=\"fusion-clearfix\"><\/div><\/div><\/div><\/div><\/div>\n","protected":false},"excerpt":{"rendered":"","protected":false},"author":1,"featured_media":0,"parent":0,"menu_order":0,"comment_status":"closed","ping_status":"closed","template":"100-width.php","meta":[],"_links":{"self":[{"href":"https:\/\/christmasbasket.be\/index.php\/wp-json\/wp\/v2\/pages\/786"}],"collection":[{"href":"https:\/\/christmasbasket.be\/index.php\/wp-json\/wp\/v2\/pages"}],"about":[{"href":"https:\/\/christmasbasket.be\/index.php\/wp-json\/wp\/v2\/types\/page"}],"author":[{"embeddable":true,"href":"https:\/\/christmasbasket.be\/index.php\/wp-json\/wp\/v2\/users\/1"}],"replies":[{"embeddable":true,"href":"https:\/\/christmasbasket.be\/index.php\/wp-json\/wp\/v2\/comments?post=786"}],"version-history":[{"count":15,"href":"https:\/\/christmasbasket.be\/index.php\/wp-json\/wp\/v2\/pages\/786\/revisions"}],"predecessor-version":[{"id":1235,"href":"https:\/\/christmasbasket.be\/index.php\/wp-json\/wp\/v2\/pages\/786\/revisions\/1235"}],"wp:attachment":[{"href":"https:\/\/christmasbasket.be\/index.php\/wp-json\/wp\/v2\/media?parent=786"}],"curies":[{"name":"wp","href":"https:\/\/api.w.org\/{rel}","templated":true}]}}