{"id":765,"date":"2020-04-18T16:00:14","date_gmt":"2020-04-18T14:00:14","guid":{"rendered":"http:\/\/christmasbasket.be\/?page_id=765"},"modified":"2026-02-09T12:37:46","modified_gmt":"2026-02-09T11:37:46","slug":"stages-dete","status":"publish","type":"page","link":"https:\/\/christmasbasket.be\/index.php\/stages-dete\/","title":{"rendered":"Stages \u00e9t\u00e9"},"content":{"rendered":"<p><div class=\"fusion-fullwidth fullwidth-box fusion-builder-row-1 nonhundred-percent-fullwidth non-hundred-percent-height-scrolling\" style=\"background-color: rgba(255,255,255,0);background-position: left top;background-repeat: no-repeat;padding-top:150px;padding-right:0px;padding-bottom:105px;padding-left:0px;margin-bottom: 0px;margin-top: 0px;border-width: 0px 0px 0px 0px;border-color:#eae9e9;border-style:solid;\" id=\"stage-printemps-chiny\" ><div class=\"fusion-builder-row fusion-row\"><div class=\"fusion-layout-column fusion_builder_column fusion-builder-column-0 fusion_builder_column_1_3 1_3 fusion-one-third fusion-column-first\" style=\"width:30.6666%; margin-right: 4%;margin-top:0px;margin-bottom:40px;\"><div class=\"fusion-column-wrapper fusion-flex-column-wrapper-legacy\" style=\"background-position:left top;background-repeat:no-repeat;-webkit-background-size:cover;-moz-background-size:cover;-o-background-size:cover;background-size:cover;padding: 0px 0px 0px 0px;\"><div class=\"fusion-text fusion-text-1\"><h2><strong>Printemps: Chiny<br \/>\n<\/strong><strong>Formule en internat<\/strong><\/h2>\n<\/div><div class=\"fusion-sep-clear\"><\/div><div class=\"fusion-separator fusion-clearfix\" style=\"float:left;margin-top:0px;margin-bottom:35px;width:100%;max-width:170px;\"><div class=\"fusion-separator-border sep-single sep-solid\" style=\"border-color:#e2e3e8;border-top-width:3px;\"><\/div><\/div><div class=\"fusion-sep-clear\"><\/div><div class=\"fusion-text fusion-text-2\"><h3>Summer Basket, un stage d&rsquo;initiation et perfectionnement qui se d\u00e9roulera pour la huiti\u00e8me ann\u00e9e cons\u00e9cutive au centre ADEPS \u00ab Le Liry \u00bb.<\/h3>\n<\/div><div class=\"fusion-clearfix\"><\/div><\/div><\/div><div class=\"fusion-layout-column fusion_builder_column fusion-builder-column-1 fusion_builder_column_1_3 1_3 fusion-one-third\" style=\"width:30.6666%; margin-right: 4%;margin-top:0px;margin-bottom:0px;\"><div class=\"fusion-column-wrapper fusion-flex-column-wrapper-legacy\" style=\"background-position:left top;background-repeat:no-repeat;-webkit-background-size:cover;-moz-background-size:cover;-o-background-size:cover;background-size:cover;padding: 0px 0px 0px 0px;\"><div class=\"fusion-text fusion-text-3\"><h3 class=\"fusion-responsive-typography-calculated\" style=\"--fontsize: 22; line-height: 1.91; --minfontsize: 22;\" data-fontsize=\"22\" data-lineheight=\"42.02px\"><span style=\"color: #bf9f77;\"><strong>Site : <\/strong><\/span><\/h3>\n<p><strong>Centre ADEPS \u00ab Le Liry \u00bb \u00e0 Chiny<\/strong><\/p>\n<h3 class=\"fusion-responsive-typography-calculated\" style=\"--fontsize: 22; line-height: 1.91; --minfontsize: 22;\" data-fontsize=\"22\" data-lineheight=\"42.02px\"><span style=\"color: #bf9f77;\"><strong>Dates et tarifs : <\/strong><\/span><\/h3>\n<p>Du dimanche <strong>3 mai <\/strong>au vendredi <strong>8 mai <\/strong>2026<\/p>\n<p><strong>1<sup>er<\/sup> enfant :<\/strong> 390 \u20ac<\/p>\n<p><strong>2<sup>e<\/sup> enfant :<\/strong> 340 \u20ac<\/p>\n<p><strong><sup><span style=\"font-size: 16px;\">3<\/span>e<\/sup> enfant :<\/strong> 310 \u20ac<\/p>\n<h3 class=\"fusion-responsive-typography-calculated\" style=\"--fontsize: 22; line-height: 1.91; --minfontsize: 22;\" data-fontsize=\"22\" data-lineheight=\"42.02px\"><span style=\"color: #bf9f77;\"><strong>Programme : <\/strong><\/span><\/h3>\n<ul>\n<li><strong>6 heures de basket<\/strong> par jour<\/li>\n<li>De nombreuses <strong>activit\u00e9s multi-sports<\/strong><\/li>\n<li><strong>Un staff de premi\u00e8re qualit\u00e9<\/strong><\/li>\n<li>T\u00e9l\u00e9charger le PDF :\u00a0<strong><a href=\"https:\/\/christmasbasket.be\/wp-content\/uploads\/2020\/05\/documents-site-web_journee-internat-chiny.pdf\">D\u00e9roulement d\u2019une journ\u00e9e type<\/a><\/strong><\/li>\n<\/ul>\n<blockquote>\n<p><strong>En cadeau<\/strong> : t-shirts, places gratuites pour rencontres de D1, r\u00e9compenses diverses,&#8230;<\/p>\n<\/blockquote>\n<\/div><div class=\"fusion-clearfix\"><\/div><\/div><\/div><div class=\"fusion-layout-column fusion_builder_column fusion-builder-column-2 fusion_builder_column_1_3 1_3 fusion-one-third fusion-column-last\" style=\"width:30.6666%;margin-top:0px;margin-bottom:20px;\"><div class=\"fusion-column-wrapper fusion-flex-column-wrapper-legacy\" style=\"background-position:left top;background-repeat:no-repeat;-webkit-background-size:cover;-moz-background-size:cover;-o-background-size:cover;background-size:cover;padding: 0px 0px 0px 0px;\"><div class=\"fusion-text fusion-text-4\"><h3><span style=\"color: #bf9f77;\"><strong>Inscriptions\u00a0: <\/strong><\/span><\/h3>\n<ol>\n<li><strong>Par t\u00e9l\u00e9phone<\/strong> au 0476 80 57 88<\/li>\n<li><strong>Par e-mail<\/strong> en envoyant <a href=\"https:\/\/christmasbasket.be\/wp-content\/uploads\/2026\/02\/documents-site-web_inscription-internat-chiny-2026.pdf\"><strong>le bulletin d\u2019inscription compl\u00e9t\u00e9 (PDF)<\/strong><\/a>\u00a0\u00e0 <strong>l\u2019adresse suivante\u00a0: <a href=\"mailto:gglegrand61@gmail.com\">gglegrand61@gmail.com<\/a><\/strong><\/li>\n<li><strong>En ligne<\/strong> en compl\u00e9tant le <strong><a href=\"https:\/\/forms.schmitz.be\/summer-basket\">formulaire d&rsquo;inscription<\/a><\/strong><\/li>\n<\/ol>\n<h3><span style=\"color: #bf9f77;\"><strong>Infos pratiques\u00a0:<\/strong><\/span><\/h3>\n<ul>\n<li>T\u00e9l\u00e9charger le PDF :<strong> <a href=\"https:\/\/christmasbasket.be\/wp-content\/uploads\/2020\/05\/documents-site-web_fiche-medicale.pdf\">Fiche m\u00e9dicale<\/a><\/strong><\/li>\n<li>T\u00e9l\u00e9charger le PDF : <strong><a href=\"https:\/\/christmasbasket.be\/wp-content\/uploads\/2021\/01\/documents-site-web_materiel-internat-chiny.pdf\">Liste du mat\u00e9riel<\/a><\/strong><\/li>\n<\/ul>\n<\/div><div class=\"fusion-text fusion-text-5\"><h3><span style=\"color: #bf9f77;\"><strong>Acc\u00e8s : <\/strong><\/span><\/h3>\n<\/div><div class=\"fusion-text fusion-text-6\"><p>Rue du Liry 21, 6810 Chiny<\/p>\n<\/div><div class=\"fusion-clearfix\"><\/div><\/div><\/div><\/div><\/div><div class=\"fusion-fullwidth fullwidth-box fusion-builder-row-2 nonhundred-percent-fullwidth non-hundred-percent-height-scrolling\" style=\"background-color: rgba(255,255,255,0);background-position: left top;background-repeat: no-repeat;padding-top:150px;padding-right:0px;padding-bottom:105px;padding-left:0px;margin-bottom: 0px;margin-top: 0px;border-width: 0px 0px 0px 0px;border-color:#eae9e9;border-style:solid;\" id=\"stage-ete-bouge\" ><div class=\"fusion-builder-row fusion-row\"><div class=\"fusion-layout-column fusion_builder_column fusion-builder-column-3 fusion_builder_column_1_3 1_3 fusion-one-third fusion-column-first\" style=\"width:30.6666%; margin-right: 4%;margin-top:0px;margin-bottom:40px;\"><div class=\"fusion-column-wrapper fusion-flex-column-wrapper-legacy\" style=\"background-position:left top;background-repeat:no-repeat;-webkit-background-size:cover;-moz-background-size:cover;-o-background-size:cover;background-size:cover;padding: 0px 0px 0px 0px;\"><div class=\"fusion-text fusion-text-7\"><h2><strong>\u00c9t\u00e9: <\/strong><strong>Bouge Formule en externat<\/strong><\/h2>\n<\/div><div class=\"fusion-sep-clear\"><\/div><div class=\"fusion-separator fusion-clearfix\" style=\"float:left;margin-top:0px;margin-bottom:35px;width:100%;max-width:170px;\"><div class=\"fusion-separator-border sep-single sep-solid\" style=\"border-color:#e2e3e8;border-top-width:3px;\"><\/div><\/div><div class=\"fusion-sep-clear\"><\/div><div class=\"fusion-text fusion-text-8\"><h3>Summer Basket, un stage d&rsquo;initiation et perfectionnement qui se d\u00e9roulera pour la sixi\u00e8me ann\u00e9e cons\u00e9cutive au Hall sportif de Bouge.<\/h3>\n<\/div><div class=\"fusion-clearfix\"><\/div><\/div><\/div><div class=\"fusion-layout-column fusion_builder_column fusion-builder-column-4 fusion_builder_column_1_3 1_3 fusion-one-third\" style=\"width:30.6666%; margin-right: 4%;margin-top:0px;margin-bottom:0px;\"><div class=\"fusion-column-wrapper fusion-flex-column-wrapper-legacy\" style=\"background-position:left top;background-repeat:no-repeat;-webkit-background-size:cover;-moz-background-size:cover;-o-background-size:cover;background-size:cover;padding: 0px 0px 0px 0px;\"><div class=\"fusion-text fusion-text-9\"><h3 class=\"fusion-responsive-typography-calculated\" style=\"--fontsize: 22; line-height: 1.91; --minfontsize: 22;\" data-fontsize=\"22\" data-lineheight=\"42.02px\"><span style=\"color: #bf9f77;\"><strong>Site : <\/strong><\/span><\/h3>\n<p><strong>Hall sportif de Bouge &#8211; Rue des Etourneaux 28, 5004 Bouge (Namur)<\/strong><\/p>\n<h3 class=\"fusion-responsive-typography-calculated\" style=\"--fontsize: 22; line-height: 1.91; --minfontsize: 22;\" data-fontsize=\"22\" data-lineheight=\"42.02px\"><span style=\"color: #bf9f77;\"><strong>Dates et tarifs : <\/strong><\/span><\/h3>\n<p>Du lundi <b>6 juillet<\/b>\u00a0au vendredi <strong>10 juillet<\/strong>\u00a02026<\/p>\n<p>Du lundi <b>17 ao\u00fbt<\/b> au vendredi <strong>22 ao\u00fbt<\/strong> 2026<\/p>\n<p><strong>1<sup>er<\/sup> enfant :<\/strong> 130 \u20ac<\/p>\n<p><strong>2<sup>e<\/sup> enfant :<\/strong> 90 \u20ac<\/p>\n<p><strong><sup><span style=\"font-size: 16px;\">3<\/span>e<\/sup> enfant :<\/strong> 70 \u20ac<\/p>\n<h3 class=\"fusion-responsive-typography-calculated\" style=\"--fontsize: 22; line-height: 1.91; --minfontsize: 22;\" data-fontsize=\"22\" data-lineheight=\"42.02px\"><span style=\"color: #bf9f77;\"><strong>Programme : <\/strong><\/span><\/h3>\n<ul>\n<li><strong>6 heures de basket<\/strong> par jour<\/li>\n<li>De nombreuses <strong>activit\u00e9s multi-sports<\/strong><\/li>\n<li><strong>Un staff de premi\u00e8re qualit\u00e9<\/strong> compos\u00e9 de 6 coaches de haut niveau<\/li>\n<\/ul>\n<blockquote>\n<p><strong>En cadeau<\/strong> : t-shirts, places gratuites, ballon du stage, visite de joueurs(euses) de D1&#8230;<\/p>\n<\/blockquote>\n<\/div><div class=\"fusion-clearfix\"><\/div><\/div><\/div><div class=\"fusion-layout-column fusion_builder_column fusion-builder-column-5 fusion_builder_column_1_3 1_3 fusion-one-third fusion-column-last\" style=\"width:30.6666%;margin-top:0px;margin-bottom:20px;\"><div class=\"fusion-column-wrapper fusion-flex-column-wrapper-legacy\" style=\"background-position:left top;background-repeat:no-repeat;-webkit-background-size:cover;-moz-background-size:cover;-o-background-size:cover;background-size:cover;padding: 0px 0px 0px 0px;\"><div class=\"fusion-text fusion-text-10\"><h3><span style=\"color: #bf9f77;\"><strong>Inscriptions\u00a0: <\/strong><\/span><\/h3>\n<ol>\n<li><strong>Par t\u00e9l\u00e9phone<\/strong> au 0476 80 57 88<\/li>\n<li><strong>Par e-mail<\/strong>\u00a0en envoyant <a href=\"https:\/\/christmasbasket.be\/wp-content\/uploads\/2026\/02\/documents-site-web_inscription-externat-bouge-semaine1-2026.pdf\"><strong>le bulletin d\u2019inscription compl\u00e9t\u00e9 pour la semaine 1 (PDF)<\/strong><\/a> ou <a href=\"https:\/\/christmasbasket.be\/wp-content\/uploads\/2026\/02\/documents-site-web_inscription-externat-bouge-semaine2-2026.pdf\"><strong>le bulletin d\u2019inscription compl\u00e9t\u00e9 pour la semaine 2<\/strong><\/a><a href=\"https:\/\/christmasbasket.be\/wp-content\/uploads\/2024\/12\/documents-site-web_inscription-externat-bouge-semaine2-2025.pdf\"><strong> (PDF)<\/strong><\/a>\u00a0\u00e0 <strong>l\u2019adresse suivante\u00a0: <a href=\"mailto:gglegrand61@gmail.com\">gglegrand61@gmail.com<\/a><\/strong><\/li>\n<li><strong>En ligne<\/strong> en compl\u00e9tant le <strong><a href=\"https:\/\/forms.schmitz.be\/summer-basket\">formulaire d&rsquo;inscription<\/a><\/strong><\/li>\n<\/ol>\n<\/div><div class=\"fusion-text fusion-text-11\"><h3><span style=\"color: #bf9f77;\"><strong>Acc\u00e8s : <\/strong><\/span><\/h3>\n<\/div><div class=\"fusion-text fusion-text-12\"><p>Rue des Etourneaux 28, 5004 Bouge<\/p>\n<div id=\"gtx-trans\" style=\"position: absolute; left: -134px; top: -10px;\">\n<div class=\"gtx-trans-icon\"><\/div>\n<\/div>\n<\/div><div class=\"fusion-clearfix\"><\/div><\/div><\/div><\/div><\/div><\/p>\n","protected":false},"excerpt":{"rendered":"","protected":false},"author":1,"featured_media":0,"parent":0,"menu_order":0,"comment_status":"closed","ping_status":"closed","template":"100-width.php","meta":[],"_links":{"self":[{"href":"https:\/\/christmasbasket.be\/index.php\/wp-json\/wp\/v2\/pages\/765"}],"collection":[{"href":"https:\/\/christmasbasket.be\/index.php\/wp-json\/wp\/v2\/pages"}],"about":[{"href":"https:\/\/christmasbasket.be\/index.php\/wp-json\/wp\/v2\/types\/page"}],"author":[{"embeddable":true,"href":"https:\/\/christmasbasket.be\/index.php\/wp-json\/wp\/v2\/users\/1"}],"replies":[{"embeddable":true,"href":"https:\/\/christmasbasket.be\/index.php\/wp-json\/wp\/v2\/comments?post=765"}],"version-history":[{"count":71,"href":"https:\/\/christmasbasket.be\/index.php\/wp-json\/wp\/v2\/pages\/765\/revisions"}],"predecessor-version":[{"id":1470,"href":"https:\/\/christmasbasket.be\/index.php\/wp-json\/wp\/v2\/pages\/765\/revisions\/1470"}],"wp:attachment":[{"href":"https:\/\/christmasbasket.be\/index.php\/wp-json\/wp\/v2\/media?parent=765"}],"curies":[{"name":"wp","href":"https:\/\/api.w.org\/{rel}","templated":true}]}}