{"id":7,"date":"2015-02-10T19:21:05","date_gmt":"2015-02-10T19:21:05","guid":{"rendered":"https:\/\/avada.theme-fusion.com_demos\/architecture\/?page_id=7"},"modified":"2021-10-06T11:17:28","modified_gmt":"2021-10-06T09:17:28","slug":"home","status":"publish","type":"page","link":"https:\/\/christmasbasket.be\/","title":{"rendered":"Accueil"},"content":{"rendered":"<p><div class=\"fusion-fullwidth fullwidth-box fusion-builder-row-1 nonhundred-percent-fullwidth non-hundred-percent-height-scrolling\" style=\"background-color: rgba(255,255,255,0);background-position: left top;background-repeat: no-repeat;padding-top:80px;padding-right:0px;padding-bottom:105px;padding-left:0px;margin-bottom: 0px;margin-top: 0px;border-width: 0px 0px 0px 0px;border-color:#eae9e9;border-style:solid;\" ><div class=\"fusion-builder-row fusion-row\"><div class=\"fusion-layout-column fusion_builder_column fusion-builder-column-0 fusion_builder_column_1_3 1_3 fusion-one-third fusion-column-first\" style=\"width:30.6666%; margin-right: 4%;margin-top:0px;margin-bottom:40px;\"><div class=\"fusion-column-wrapper fusion-flex-column-wrapper-legacy\" style=\"background-position:left top;background-repeat:no-repeat;-webkit-background-size:cover;-moz-background-size:cover;-o-background-size:cover;background-size:cover;padding: 0px 0px 0px 0px;\"><div class=\"fusion-text fusion-text-1\"><h2><strong>Qui sommes-nous\u00a0?<\/strong><\/h2>\n<\/div><div class=\"fusion-sep-clear\"><\/div><div class=\"fusion-separator fusion-clearfix\" style=\"float:left;margin-top:0px;margin-bottom:35px;width:100%;max-width:170px;\"><div class=\"fusion-separator-border sep-single sep-solid\" style=\"border-color:#e2e3e8;border-top-width:3px;\"><\/div><\/div><div class=\"fusion-sep-clear\"><\/div><div class=\"fusion-text fusion-text-2\"><h3><strong><em>La mission premi\u00e8re des activit\u00e9s Christmas basket est donc d\u2019assurer la promotion du basket aupr\u00e8s des jeunes au d\u00e9part de ses diverses activit\u00e9s.<\/em><\/strong><\/h3>\n<\/div><div class=\"fusion-clearfix\"><\/div><\/div><\/div><div class=\"fusion-layout-column fusion_builder_column fusion-builder-column-1 fusion_builder_column_1_3 1_3 fusion-one-third\" style=\"width:30.6666%; margin-right: 4%;margin-top:0px;margin-bottom:0px;\"><div class=\"fusion-column-wrapper fusion-flex-column-wrapper-legacy\" style=\"background-position:left top;background-repeat:no-repeat;-webkit-background-size:cover;-moz-background-size:cover;-o-background-size:cover;background-size:cover;padding: 0px 0px 0px 0px;\"><div class=\"fusion-text fusion-text-3\"><p>En collaboration avec le club du RCS Natoye \u00e0 l\u2019\u00e9poque, le premier stage Christmas basket a eu lieu en d\u00e9cembre 2000.<\/p>\n<p>Organis\u00e9 pendant quelques ann\u00e9es ensuite par une \u00ab Association de fait \u00bb, le stage est maintenant g\u00e9r\u00e9 dans le cadre d\u2019une ASBL intitul\u00e9e \u00ab Christmas basket \u00bb. Celle- ci est dirig\u00e9e par le fondateur des stages Christmas basket, G\u00e9rard Legrand et sa fille Elise.<\/p>\n<p>Dipl\u00f4m\u00e9 en p\u00e9dagogie de l\u2019UCL et disposant d\u2019une formation en management sportif, G\u00e9rard qui est un ancien joueur de Nationale 3 et Coach en Nationale 2 dispose \u00e9galement du brevet ADEPS de niveau 3.<\/p>\n<\/div><div class=\"fusion-clearfix\"><\/div><\/div><\/div><div class=\"fusion-layout-column fusion_builder_column fusion-builder-column-2 fusion_builder_column_1_3 1_3 fusion-one-third fusion-column-last\" style=\"width:30.6666%;margin-top:0px;margin-bottom:20px;\"><div class=\"fusion-column-wrapper fusion-flex-column-wrapper-legacy\" style=\"background-position:left top;background-repeat:no-repeat;-webkit-background-size:cover;-moz-background-size:cover;-o-background-size:cover;background-size:cover;padding: 0px 0px 0px 0px;\"><div class=\"fusion-text fusion-text-4\"><p>Elise est journaliste professionnelle et g\u00e8re notamment avec Sacha, notre Webmaster, l\u2019ensemble de la communication au sein de l\u2019ASBL.<\/p>\n<p>Outre l\u2019organisation du stage Christmas basket qui rassemble chaque ann\u00e9e plus de 800 jeunes stagiaires en Wallonie et \u00e0 Bruxelles, la soci\u00e9t\u00e9 organise \u00e9galement plusieurs stages Summer basket en externat et internat. En outre, la Christmas basket acad\u00e9mie a \u00e9t\u00e9 cr\u00e9\u00e9e en septembre 2021.<\/p>\n<p>La mission premi\u00e8re des activit\u00e9s Christmas basket est donc d\u2019assurer la promotion du basket aupr\u00e8s des jeunes au d\u00e9part de ces diverses activit\u00e9s.<\/p>\n<\/div><div class=\"fusion-clearfix\"><\/div><\/div><\/div><\/div><\/div><div class=\"fusion-fullwidth fullwidth-box fusion-builder-row-2 nonhundred-percent-fullwidth non-hundred-percent-height-scrolling fusion-equal-height-columns\" style=\"background-color: rgba(255,255,255,0);background-position: center center;background-repeat: no-repeat;padding-top:0px;padding-right:0px;padding-bottom:0px;padding-left:0px;margin-bottom: 105px;margin-top: 0px;border-width: 0px 0px 0px 0px;border-color:#eae9e9;border-style:solid;\" ><div class=\"fusion-builder-row fusion-row\"><div class=\"fusion-layout-column fusion_builder_column fusion-builder-column-3 fusion_builder_column_1_3 1_3 fusion-one-third fusion-column-first\" style=\"width:33.333333333333%;width:calc(33.333333333333% - ( ( 4% + 4% ) * 0.33333333333333 ) );margin-right: 4%;margin-top:0px;margin-bottom:20px;\"><div class=\"fusion-column-wrapper fusion-flex-column-wrapper-legacy\" style=\"background-position:left top;background-repeat:no-repeat;-webkit-background-size:cover;-moz-background-size:cover;-o-background-size:cover;background-size:cover;padding: 0px 0px 0px 0px;\"><div class=\"fusion-column-content-centered\"><div class=\"fusion-column-content\"><div class=\"fusion-person person fusion-person-center fusion-person-1 fusion-person-icon-top\"><div class=\"person-shortcode-image-wrapper\"><div class=\"person-image-container hover-type-none person-rounded-overflow\" style=\"-webkit-border-radius:50%;-moz-border-radius:50%;border-radius:50%;border:0px solid #f6f6f6;-webkit-border-radius:50%;-moz-border-radius:50%;border-radius:50%;\"><img class=\"person-img img-responsive wp-image-1208\" width=\"225\" height=\"225\" src=\"https:\/\/christmasbasket.be\/wp-content\/uploads\/2021\/03\/IMG_7333.jpg\" alt=\"G\u00c9RARD LEGRAND\" srcset=\"https:\/\/christmasbasket.be\/wp-content\/uploads\/2021\/03\/IMG_7333-200x200.jpg 200w, https:\/\/christmasbasket.be\/wp-content\/uploads\/2021\/03\/IMG_7333.jpg 225w\" sizes=\"(max-width: 800px) 100vw, 225px\" \/><\/div><\/div><div class=\"person-desc\"><div class=\"person-author\"><div class=\"person-author-wrapper\"><span class=\"person-name\">G\u00c9RARD LEGRAND<\/span><span class=\"person-title\"><\/span><\/div><\/div><div class=\"person-content fusion-clearfix\">Directeur<\/div><\/div><\/div><\/div><\/div><div class=\"fusion-clearfix\"><\/div><\/div><\/div><div class=\"fusion-layout-column fusion_builder_column fusion-builder-column-4 fusion_builder_column_1_3 1_3 fusion-one-third\" style=\"width:33.333333333333%;width:calc(33.333333333333% - ( ( 4% + 4% ) * 0.33333333333333 ) );margin-right: 4%;margin-top:0px;margin-bottom:20px;\"><div class=\"fusion-column-wrapper fusion-flex-column-wrapper-legacy\" style=\"background-position:left top;background-repeat:no-repeat;-webkit-background-size:cover;-moz-background-size:cover;-o-background-size:cover;background-size:cover;padding: 0px 0px 0px 0px;\"><div class=\"fusion-column-content-centered\"><div class=\"fusion-column-content\"><div class=\"fusion-person person fusion-person-center fusion-person-2 fusion-person-icon-top\"><div class=\"person-shortcode-image-wrapper\"><div class=\"person-image-container hover-type-none person-rounded-overflow\" style=\"-webkit-border-radius:50%;-moz-border-radius:50%;border-radius:50%;border:0px solid #f6f6f6;-webkit-border-radius:50%;-moz-border-radius:50%;border-radius:50%;\"><img class=\"person-img img-responsive wp-image-807\" width=\"225\" height=\"225\" src=\"http:\/\/christmasbasket.be\/wp-content\/uploads\/2020\/04\/elise-small-square.jpg\" alt=\"Elise LEGRAND\" srcset=\"https:\/\/christmasbasket.be\/wp-content\/uploads\/2020\/04\/elise-small-square-200x200.jpg 200w, https:\/\/christmasbasket.be\/wp-content\/uploads\/2020\/04\/elise-small-square.jpg 225w\" sizes=\"(max-width: 800px) 100vw, 225px\" \/><\/div><\/div><div class=\"person-desc\"><div class=\"person-author\"><div class=\"person-author-wrapper\"><span class=\"person-name\">Elise LEGRAND<\/span><span class=\"person-title\"><\/span><\/div><\/div><div class=\"person-content fusion-clearfix\">Communication<\/div><\/div><\/div><\/div><\/div><div class=\"fusion-clearfix\"><\/div><\/div><\/div><div class=\"fusion-layout-column fusion_builder_column fusion-builder-column-5 fusion_builder_column_1_3 1_3 fusion-one-third fusion-column-last\" style=\"width:33.333333333333%;width:calc(33.333333333333% - ( ( 4% + 4% ) * 0.33333333333333 ) );margin-top:0px;margin-bottom:20px;\"><div class=\"fusion-column-wrapper fusion-flex-column-wrapper-legacy\" style=\"background-position:left top;background-repeat:no-repeat;-webkit-background-size:cover;-moz-background-size:cover;-o-background-size:cover;background-size:cover;padding: 0px 0px 0px 0px;\"><div class=\"fusion-column-content-centered\"><div class=\"fusion-column-content\"><div class=\"fusion-person person fusion-person-center fusion-person-3 fusion-person-icon-top\"><div class=\"person-shortcode-image-wrapper\"><div class=\"person-image-container hover-type-none person-rounded-overflow\" style=\"-webkit-border-radius:50%;-moz-border-radius:50%;border-radius:50%;border:0px solid #f6f6f6;-webkit-border-radius:50%;-moz-border-radius:50%;border-radius:50%;\"><img class=\"person-img img-responsive wp-image-810\" width=\"225\" height=\"225\" src=\"http:\/\/christmasbasket.be\/wp-content\/uploads\/2020\/04\/sacha-small-square.jpg\" alt=\"Sacha HOUTHUYS\" srcset=\"https:\/\/christmasbasket.be\/wp-content\/uploads\/2020\/04\/sacha-small-square-200x200.jpg 200w, https:\/\/christmasbasket.be\/wp-content\/uploads\/2020\/04\/sacha-small-square.jpg 225w\" sizes=\"(max-width: 800px) 100vw, 225px\" \/><\/div><\/div><div class=\"person-desc\"><div class=\"person-author\"><div class=\"person-author-wrapper\"><span class=\"person-name\">Sacha HOUTHUYS<\/span><span class=\"person-title\"><\/span><\/div><\/div><div class=\"person-content fusion-clearfix\">Webmaster<\/div><\/div><\/div><\/div><\/div><div class=\"fusion-clearfix\"><\/div><\/div><\/div><\/div><\/div><div class=\"fusion-bg-parallax\" data-bg-align=\"center center\" data-direction=\"up\" data-mute=\"false\" data-opacity=\"100\" data-velocity=\"-0.3\" data-mobile-enabled=\"false\" data-break_parents=\"0\" data-bg-image=\"http:\/\/christmasbasket.be\/wp-content\/uploads\/2020\/05\/bg-valeurs-1.jpg\" data-bg-repeat=\"false\" ><\/div><div class=\"fusion-fullwidth fullwidth-box fusion-builder-row-3 fusion-parallax-up nonhundred-percent-fullwidth non-hundred-percent-height-scrolling\" style=\"background-color: rgba(255,255,255,0);background-image: url(&quot;http:\/\/christmasbasket.be\/wp-content\/uploads\/2020\/05\/bg-valeurs-1.jpg&quot;);background-position: center center;background-repeat: no-repeat;padding-top:150px;padding-right:0px;padding-bottom:150px;padding-left:0px;margin-bottom: 0px;margin-top: 0px;border-width: 0px 0px 0px 0px;border-color:#eae9e9;border-style:solid;-webkit-background-size:cover;-moz-background-size:cover;-o-background-size:cover;background-size:cover;\" ><div class=\"fusion-builder-row fusion-row\"><div class=\"fusion-layout-column fusion_builder_column fusion-builder-column-6 fusion_builder_column_1_2 1_2 fusion-one-half fusion-column-first\" style=\"width:48%; margin-right: 4%;margin-top:0px;margin-bottom:20px;\"><div class=\"fusion-column-wrapper fusion-flex-column-wrapper-legacy\" style=\"background-position:left top;background-repeat:no-repeat;-webkit-background-size:cover;-moz-background-size:cover;-o-background-size:cover;background-size:cover;padding: 0px 0px 0px 0px;\"><div class=\"fusion-text fusion-text-5\"><h2><span style=\"color: #ffffff;\">NOS VALEURS<\/span><\/h2>\n<h3><span style=\"color: #ffffff;\"><em>FORMER \u2013 RASSEMBLER \u2013 INNOVER<\/em><\/span><\/h3>\n<\/div><div class=\"fusion-sep-clear\"><\/div><div class=\"fusion-separator fusion-full-width-sep\" style=\"margin-left: auto;margin-right: auto;margin-top:40px;width:100%;\"><\/div><div class=\"fusion-sep-clear\"><\/div><div class=\"fusion-text fusion-text-6 fusion-animated\" data-animationType=\"fadeInLeft\" data-animationDuration=\"0.3\" data-animationOffset=\"top-into-view\"><ul style=\"color: #fff;\">\n<li>Une m\u00eame <strong>passion commune<\/strong> pour le basketball<\/li>\n<li>Une <strong>formation p\u00e9dagogique de qualit\u00e9<\/strong> pour les jeunes gr\u00e2ce \u00e0 un encadrement de haut niveau<\/li>\n<li>Le <strong>rassemblement de diff\u00e9rents clubs<\/strong> au sein d\u2019un m\u00eame projet<\/li>\n<li><strong>L\u2019innovation de nouveaux projets<\/strong> rassembleurs et formateurs<\/li>\n<li><strong>L\u2019ouverture<\/strong> vers les diff\u00e9rentes <strong>communaut\u00e9s<\/strong><\/li>\n<\/ul>\n<\/div><div class=\"fusion-clearfix\"><\/div><\/div><\/div><div class=\"fusion-layout-column fusion_builder_column fusion-builder-column-7 fusion_builder_column_1_2 1_2 fusion-one-half fusion-column-last\" style=\"width:48%;margin-top:0px;margin-bottom:20px;\"><div class=\"fusion-column-wrapper fusion-flex-column-wrapper-legacy\" style=\"background-position:left top;background-repeat:no-repeat;-webkit-background-size:cover;-moz-background-size:cover;-o-background-size:cover;background-size:cover;padding: 0px 0px 0px 0px;\"><span class=\" fusion-imageframe imageframe-none imageframe-1 hover-type-zoomin fusion-animated\" data-animationType=\"fadeInDown\" data-animationDuration=\"1.0\" data-animationOffset=\"top-into-view\"><a href=\"http:\/\/christmasbasket.be\/wp-content\/uploads\/2020\/05\/christamas-basket-stage.jpg\" class=\"fusion-lightbox\" data-rel=\"iLightbox[a68a5c7761a596b1b30]\" data-title=\"christamas-basket-stage\" title=\"christamas-basket-stage\"><img width=\"800\" height=\"541\" alt=\"christamas-basket-stage\" src=\"http:\/\/christmasbasket.be\/wp-content\/uploads\/2020\/05\/christamas-basket-stage.jpg\" class=\"img-responsive wp-image-963\" srcset=\"https:\/\/christmasbasket.be\/wp-content\/uploads\/2020\/05\/christamas-basket-stage-200x135.jpg 200w, https:\/\/christmasbasket.be\/wp-content\/uploads\/2020\/05\/christamas-basket-stage-400x271.jpg 400w, https:\/\/christmasbasket.be\/wp-content\/uploads\/2020\/05\/christamas-basket-stage-600x406.jpg 600w, https:\/\/christmasbasket.be\/wp-content\/uploads\/2020\/05\/christamas-basket-stage.jpg 800w\" sizes=\"(max-width: 800px) 100vw, 600px\" \/><\/a><\/span><div class=\"fusion-clearfix\"><\/div><\/div><\/div><\/div><\/div><div class=\"fusion-fullwidth fullwidth-box fusion-builder-row-4 nonhundred-percent-fullwidth non-hundred-percent-height-scrolling fusion-equal-height-columns\" style=\"background-color: rgba(255,255,255,0);background-position: center center;background-repeat: no-repeat;padding-top:0px;padding-right:0px;padding-bottom:0px;padding-left:0px;margin-bottom: 105px;margin-top: 105px;border-width: 0px 0px 0px 0px;border-color:#eae9e9;border-style:solid;\" ><div class=\"fusion-builder-row fusion-row\"><div class=\"fusion-layout-column fusion_builder_column fusion-builder-column-8 fusion_builder_column_1_1 1_1 fusion-one-full fusion-column-first fusion-column-last\" style=\"margin-top:0px;margin-bottom:20px;\"><div class=\"fusion-column-wrapper fusion-flex-column-wrapper-legacy\" style=\"background-position:left top;background-repeat:no-repeat;-webkit-background-size:cover;-moz-background-size:cover;-o-background-size:cover;background-size:cover;padding: 0px 0px 0px 0px;\"><style type=\"text\/css\"><\/style><div class=\"fusion-title title fusion-title-1 fusion-sep-none fusion-title-text fusion-title-size-one\" style=\"margin-top:0px;margin-right:0px;margin-bottom:30px;margin-left:0px;\"><h1 class=\"title-heading-left fusion-responsive-typography-calculated\" style=\"margin:0;--fontSize:60;line-height:1.33;\"><h2 style=\"text-align: center;\">CHRISTMAS BASKET C&rsquo;EST&#8230;<\/h2><\/h1><\/div><div class=\"fusion-counters-box counters-box row fusion-clearfix fusion-columns-3\"><div class=\"fusion-counter-box fusion-column col-counter-box counter-box-wrapper col-lg-4 col-md-4 col-sm-4\" data-animationOffset=\"top-into-view\"><div class=\"counter-box-container\" style=\"border: 1px solid #e0dede;\"><div class=\"content-box-percentage content-box-counter\" style=\"color:#9e9e9e;font-size:50px;line-height:normal;\"><span class=\"display-counter\" data-value=\"12000\" data-direction=\"up\" data-decimals=\"0\">0<\/span><\/div><div class=\"counter-box-content\" style=\"color:#747474;font-size:13px;\">STAGIAIRES<\/div><\/div><\/div><div class=\"fusion-counter-box fusion-column col-counter-box counter-box-wrapper col-lg-4 col-md-4 col-sm-4\" data-animationOffset=\"top-into-view\"><div class=\"counter-box-container\" style=\"border: 1px solid #e0dede;\"><div class=\"content-box-percentage content-box-counter\" style=\"color:#9e9e9e;font-size:50px;line-height:normal;\"><span class=\"display-counter\" data-value=\"20\" data-direction=\"up\" data-decimals=\"0\">0<\/span><\/div><div class=\"counter-box-content\" style=\"color:#747474;font-size:13px;\">ANS<\/div><\/div><\/div><div class=\"fusion-counter-box fusion-column col-counter-box counter-box-wrapper col-lg-4 col-md-4 col-sm-4\" data-animationOffset=\"top-into-view\"><div class=\"counter-box-container\" style=\"border: 1px solid #e0dede;\"><div class=\"content-box-percentage content-box-counter\" style=\"color:#9e9e9e;font-size:50px;line-height:normal;\"><span class=\"display-counter\" data-value=\"400\" data-direction=\"up\" data-decimals=\"0\">0<\/span><\/div><div class=\"counter-box-content\" style=\"color:#747474;font-size:13px;\">STAGES<\/div><\/div><\/div><\/div><div class=\"clearfix\"><\/div><div class=\"fusion-video fusion-selfhosted-video\" style=\"margin-top:40px;max-width:100%;\"><div class=\"video-wrapper\"><video playsinline=\"true\" width=\"100%\" style=\"object-fit: cover;\" autoplay=\"true\" muted=\"true\" loop=\"true\" preload=\"auto\" controls=\"1\"><source src=\"http:\/\/christmasbasket.be\/wp-content\/uploads\/2020\/05\/Christmas-Basket-Teaser-30sec-v3-AVEC-TEXTE.mov\" type=\"video\/mp4\">Sorry, your browser doesn&#039;t support embedded videos.<\/video><\/div><\/div><div class=\"fusion-clearfix\"><\/div><\/div><\/div><\/div><\/div><div class=\"fusion-fullwidth fullwidth-box fusion-builder-row-5 nonhundred-percent-fullwidth non-hundred-percent-height-scrolling\" style=\"background-color: rgba(255,255,255,0);background-position: center center;background-repeat: no-repeat;padding-top:0px;padding-right:0px;padding-bottom:0px;padding-left:0px;margin-bottom: 0px;margin-top: 0px;border-width: 0px 0px 0px 0px;border-color:#eae9e9;border-style:solid;\" ><div class=\"fusion-builder-row fusion-row\"><div class=\"fusion-layout-column fusion_builder_column fusion-builder-column-9 fusion_builder_column_1_1 1_1 fusion-one-full fusion-column-first fusion-column-last\" style=\"margin-top:0px;margin-bottom:20px;\"><div class=\"fusion-column-wrapper fusion-flex-column-wrapper-legacy\" style=\"background-position:left top;background-repeat:no-repeat;-webkit-background-size:cover;-moz-background-size:cover;-o-background-size:cover;background-size:cover;padding: 0px 0px 0px 0px;\"><style type=\"text\/css\"><\/style><div class=\"fusion-title title fusion-title-2 fusion-sep-none fusion-title-text fusion-title-size-one\" style=\"margin-top:0px;margin-right:0px;margin-bottom:30px;margin-left:0px;\"><h1 class=\"title-heading-left fusion-responsive-typography-calculated\" style=\"margin:0;--fontSize:60;line-height:1.33;\"><h2 style=\"text-align: center;\">NOTRE ACTUALIT\u00c9<\/h2><\/h1><\/div><a class=\"fusion-modal-text-link\" href=\"#\"><div class=\"cff-wrapper\"><div class=\"cff-wrapper-ctn \" ><div id=\"cff\"  class=\"cff cff-list-container cff-masonry masonry-2-tablet cff-masonry-js cff-default-styles  cff-mob-cols-1\"   style=\"width:100%;\"   data-char=\"400\" ><div class=\"cff-error-msg\">\r\n\t<div>\r\n\t\t<i class=\"fa fa-lock\" aria-hidden=\"true\" style=\"margin-right: 5px;\"><\/i><b>This message is only visible to admins.<\/b><br\/>\r\n\t\tProblem displaying Facebook posts. Backup cache in use.\t\t\t\t\t<br\/><a href=\"javascript:void(0);\" id=\"cff-show-error\" onclick=\"cffShowError()\">Click to show error<\/a>\r\n\t\t\t<script type=\"text\/javascript\">function cffShowError() { document.getElementById(\"cff-error-reason\").style.display = \"block\"; document.getElementById(\"cff-show-error\").style.display = \"none\"; }<\/script>\r\n\t\t\t<\/div>\r\n\t\t\t<div id=\"cff-error-reason\">\r\n\t\t\t\t\t\t\t\t\t<b>Error:<\/b> Error validating access token: The session has been invalidated because the user changed their password or Facebook has changed the session for security reasons.\t\t\t\t\t\t\t\t\t\t\t\t\t<b>Type:<\/b> OAuthException\t\t\t\t\t\t\t\t\t\t\t\t\t\t\t\t\t\t\t\t\t\t\t\t\t\t\t\t\r\n\t\t\t<\/div>\r\n\t\t\t\t\r\n<\/div>\r\n<div class=\"cff-posts-wrap\">\r\n<div class=\"cff-likebox cff-bottom\" >\r\n\t\t<iframe src=\"\" class=\"fb_iframe_widget\" data-likebox-id=\"922766104486913\" data-likebox-width=\"300\" data-likebox-header=\"\" data-hide-cover=\"\" data-hide-cta=\"\" data-likebox-faces=\"\" data-height=\"130\" data-locale=\"fr_FR\" scrolling=\"no\" allowTransparency=\"true\" allow=\"encrypted-media\" ><\/iframe>\r\n<\/div><\/div><input class=\"cff-pag-url\" type=\"hidden\" data-cff-shortcode=\"\" data-post-id=\"7\" data-feed-id=\"922766104486913\"><\/div><\/div><div class=\"cff-clear\"><\/div><\/div><\/a><div class=\"fusion-clearfix\"><\/div><\/div><\/div><\/div><\/div><\/p>\n","protected":false},"excerpt":{"rendered":"","protected":false},"author":1,"featured_media":0,"parent":0,"menu_order":0,"comment_status":"closed","ping_status":"open","template":"100-width.php","meta":[],"_links":{"self":[{"href":"https:\/\/christmasbasket.be\/index.php\/wp-json\/wp\/v2\/pages\/7"}],"collection":[{"href":"https:\/\/christmasbasket.be\/index.php\/wp-json\/wp\/v2\/pages"}],"about":[{"href":"https:\/\/christmasbasket.be\/index.php\/wp-json\/wp\/v2\/types\/page"}],"author":[{"embeddable":true,"href":"https:\/\/christmasbasket.be\/index.php\/wp-json\/wp\/v2\/users\/1"}],"replies":[{"embeddable":true,"href":"https:\/\/christmasbasket.be\/index.php\/wp-json\/wp\/v2\/comments?post=7"}],"version-history":[{"count":52,"href":"https:\/\/christmasbasket.be\/index.php\/wp-json\/wp\/v2\/pages\/7\/revisions"}],"predecessor-version":[{"id":1238,"href":"https:\/\/christmasbasket.be\/index.php\/wp-json\/wp\/v2\/pages\/7\/revisions\/1238"}],"wp:attachment":[{"href":"https:\/\/christmasbasket.be\/index.php\/wp-json\/wp\/v2\/media?parent=7"}],"curies":[{"name":"wp","href":"https:\/\/api.w.org\/{rel}","templated":true}]}}